{"id":90,"date":"2025-07-22T19:24:05","date_gmt":"2025-07-22T19:24:05","guid":{"rendered":"https:\/\/yenigunltd.com\/?page_id=90"},"modified":"2025-09-13T16:12:55","modified_gmt":"2025-09-13T16:12:55","slug":"hakkimizda","status":"publish","type":"page","link":"https:\/\/dolfy.com.tr\/pl\/hakkimizda\/","title":{"rendered":"Hakk\u0131m\u0131zda"},"content":{"rendered":"<style>.elementor-90 .elementor-element.elementor-element-4259e56{--display:flex;--flex-direction:row;--container-widget-width:initial;--container-widget-height:100%;--container-widget-flex-grow:1;--container-widget-align-self:stretch;--flex-wrap-mobile:wrap;--gap:0px 0px;--row-gap:0px;--column-gap:0px;--margin-top:45px;--margin-bottom:0px;--margin-left:0px;--margin-right:0px;}.elementor-90 .elementor-element.elementor-element-b64724e{--display:flex;--flex-direction:column;--container-widget-width:100%;--container-widget-height:initial;--container-widget-flex-grow:0;--container-widget-align-self:initial;--flex-wrap-mobile:wrap;--justify-content:center;}.elementor-90 .elementor-element.elementor-element-524f614{--display:flex;--flex-direction:column;--container-widget-width:100%;--container-widget-height:initial;--container-widget-flex-grow:0;--container-widget-align-self:initial;--flex-wrap-mobile:wrap;}.elementor-90 .elementor-element.elementor-element-f9b208c{text-align:justify;font-family:\"Poppins\", Sans-serif;}@media(min-width:768px){.elementor-90 .elementor-element.elementor-element-b64724e{--width:76%;}.elementor-90 .elementor-element.elementor-element-524f614{--width:100%;}}<\/style>\t\t<div data-elementor-type=\"wp-page\" data-elementor-id=\"90\" class=\"elementor elementor-90\" data-elementor-post-type=\"page\">\n\t\t\t\t<div class=\"elementor-element elementor-element-4259e56 e-flex e-con-boxed e-con e-parent\" data-id=\"4259e56\" data-element_type=\"container\" data-e-type=\"container\">\n\t\t\t\t\t<div class=\"e-con-inner\">\n\t\t<div class=\"elementor-element elementor-element-b64724e e-con-full e-flex e-con e-child\" data-id=\"b64724e\" data-element_type=\"container\" data-e-type=\"container\">\n\t\t\t\t<div class=\"elementor-element elementor-element-9cd8fca elementor-widget elementor-widget-image\" data-id=\"9cd8fca\" data-element_type=\"widget\" data-e-type=\"widget\" data-widget_type=\"image.default\">\n\t\t\t\t\t\t\t\t\t\t\t\t\t\t\t<img fetchpriority=\"high\" decoding=\"async\" width=\"800\" height=\"749\" src=\"https:\/\/dolfy.com.tr\/wp-content\/uploads\/2026\/03\/polon.jpg\" class=\"attachment-large size-large wp-image-884\" alt=\"\" srcset=\"https:\/\/dolfy.com.tr\/wp-content\/uploads\/2026\/03\/polon.jpg 1640w, https:\/\/dolfy.com.tr\/wp-content\/uploads\/2026\/03\/polon-300x281.jpg 300w, https:\/\/dolfy.com.tr\/wp-content\/uploads\/2026\/03\/polon-1024x959.jpg 1024w, https:\/\/dolfy.com.tr\/wp-content\/uploads\/2026\/03\/polon-768x719.jpg 768w, https:\/\/dolfy.com.tr\/wp-content\/uploads\/2026\/03\/polon-1536x1439.jpg 1536w, https:\/\/dolfy.com.tr\/wp-content\/uploads\/2026\/03\/polon-13x12.jpg 13w\" sizes=\"(max-width: 800px) 100vw, 800px\" \/>\t\t\t\t\t\t\t\t\t\t\t\t\t\t\t<\/div>\n\t\t\t\t<\/div>\n\t\t<div class=\"elementor-element elementor-element-524f614 e-con-full e-flex e-con e-child\" data-id=\"524f614\" data-element_type=\"container\" data-e-type=\"container\">\n\t\t\t\t<div class=\"elementor-element elementor-element-f9b208c elementor-widget elementor-widget-text-editor\" data-id=\"f9b208c\" data-element_type=\"widget\" data-e-type=\"widget\" data-widget_type=\"text-editor.default\">\n\t\t\t\t\t\t\t\t\t<p>G\u00fcn Ticaret, kt\u00f3ra rozpocz\u0119\u0142a dzia\u0142alno\u015b\u0107 w 1983 roku od handlu farbami, p\u0142yt\u0105 wi\u00f3row\u0105 i klejem, w 2004 roku wkroczy\u0142a w \u015bwiat produkt\u00f3w dla niemowl\u0105t. Wraz z uruchomieniem naszego zak\u0142adu produkcyjnego w Adanie wyprodukowali\u015bmy pierwsze krajowe pieluszki dla niemowl\u0105t pod mark\u0105 Yenig\u00fcn. Od tamtego czasu stali\u015bmy si\u0119 mark\u0105 cenion\u0105 i godn\u0105 zaufania zar\u00f3wno w Turcji, jak i na ca\u0142ym \u015bwiecie.<\/p><p>Jako Yenig\u00fcn nie tylko produkujemy wysokiej jako\u015bci pieluszki dla niemowl\u0105t, ale tak\u017ce zawsze stawiamy na pierwszym miejscu nasz\u0105 odpowiedzialno\u015b\u0107 wobec \u015brodowiska, spo\u0142ecze\u0144stwa i naszych pracownik\u00f3w. Stawiaj\u0105c technologi\u0119 i jako\u015b\u0107 w centrum naszej dzia\u0142alno\u015bci, konsekwentnie kroczymy naprz\u00f3d na drodze do bycia wiod\u0105c\u0105 tureck\u0105 firm\u0105 w bran\u017cy pieluszek dla dzieci.<\/p><p>Podstawow\u0105 zasad\u0105 naszej firmy jest jak najlepsze zaspokajanie potrzeb i oczekiwa\u0144 naszych klient\u00f3w dzi\u0119ki zaanga\u017cowaniu pracownik\u00f3w, ci\u0105g\u0142ym szkoleniom oraz skutecznej komunikacji. Wiemy bowiem, \u017ce wysokiej jako\u015bci produkt powstaje wtedy, gdy stoi za nim \u015bwiadomy i oddany zesp\u00f3\u0142.<\/p><p>Jednocze\u015bnie czujemy odpowiedzialno\u015b\u0107 za \u015bwiat, w kt\u00f3rym \u017cyjemy. Ochrona zasob\u00f3w naturalnych, minimalizowanie odpad\u00f3w oraz produkcja w duchu recyklingu to nie tylko cele, ale tak\u017ce integralna cz\u0119\u015b\u0107 codziennej pracy ca\u0142ego naszego zespo\u0142u.<\/p><p>Na Ka\u017cdym Etapie Produkcji Pracuj\u0105 Do\u015bwiadczeni Specjali\u015bci. Naszym Celem Jest Zapewnienie Rodzinom Spokoju Dzi\u0119ki Zdrowym, Higienicznym I Bezpiecznym Produktom Oraz Wspieranie Komfortu Niemowl\u0105t.<\/p><p>I Wraz Z Tym Podej\u015bciem Do Rozwoju Narodzi\u0142 Si\u0119 Nowy Przyjaciel Dla Niemowl\u0105t: Dolfy!<br \/>Dolfy To Marka Pieluszek Dla Niemowl\u0105t Stworzona Na Bazie Wieloletniego Do\u015bwiadczenia, Zaprojektowana Z Trosk\u0105 O Wra\u017cliw\u0105 Sk\u00f3r\u0119 Twojego Dziecka. Nowoczesna, Mi\u0119kka I Oddychaj\u0105ca Struktura Zapewnia Komfort Na Ka\u017cdym Kroku I Mi\u0142o\u015b\u0107 W Ka\u017cdej Warstwie.<\/p>\t\t\t\t\t\t\t\t<\/div>\n\t\t\t\t<\/div>\n\t\t\t\t\t<\/div>\n\t\t\t\t<\/div>\n\t\t\t\t<\/div>","protected":false},"excerpt":{"rendered":"<p>1983 y\u0131l\u0131nda boya, sunta ve tutkal al\u0131m sat\u0131m\u0131yla i\u015f hayat\u0131na ba\u015flayan G\u00fcn Ticaret, 2004 y\u0131l\u0131nda bebeklerin d\u00fcnyas\u0131na ad\u0131m att\u0131. Adana\u2019da kurulan \u00fcretim tesisimizle birlikte, Yenig\u00fcn markas\u0131 alt\u0131nda ilk yerli bebek bezimizi \u00fcrettik. O g\u00fcnden bu yana hem T\u00fcrkiye\u2019de hem de d\u00fcnya genelinde sayg\u0131nl\u0131k kazanm\u0131\u015f, g\u00fcvenilir bir marka olmay\u0131 ba\u015fard\u0131k. Yenig\u00fcn olarak yaln\u0131zca kaliteli bebek bezleri [&hellip;]<\/p>\n","protected":false},"author":1,"featured_media":0,"parent":0,"menu_order":0,"comment_status":"closed","ping_status":"closed","template":"elementor_header_footer","meta":{"footnotes":""},"class_list":["post-90","page","type-page","status-publish","hentry"],"_links":{"self":[{"href":"https:\/\/dolfy.com.tr\/pl\/wp-json\/wp\/v2\/pages\/90","targetHints":{"allow":["GET"]}}],"collection":[{"href":"https:\/\/dolfy.com.tr\/pl\/wp-json\/wp\/v2\/pages"}],"about":[{"href":"https:\/\/dolfy.com.tr\/pl\/wp-json\/wp\/v2\/types\/page"}],"author":[{"embeddable":true,"href":"https:\/\/dolfy.com.tr\/pl\/wp-json\/wp\/v2\/users\/1"}],"replies":[{"embeddable":true,"href":"https:\/\/dolfy.com.tr\/pl\/wp-json\/wp\/v2\/comments?post=90"}],"version-history":[{"count":40,"href":"https:\/\/dolfy.com.tr\/pl\/wp-json\/wp\/v2\/pages\/90\/revisions"}],"predecessor-version":[{"id":987,"href":"https:\/\/dolfy.com.tr\/pl\/wp-json\/wp\/v2\/pages\/90\/revisions\/987"}],"wp:attachment":[{"href":"https:\/\/dolfy.com.tr\/pl\/wp-json\/wp\/v2\/media?parent=90"}],"curies":[{"name":"wp","href":"https:\/\/api.w.org\/{rel}","templated":true}]}}