{"id":90,"date":"2025-07-22T19:24:05","date_gmt":"2025-07-22T19:24:05","guid":{"rendered":"https:\/\/yenigunltd.com\/?page_id=90"},"modified":"2025-09-13T16:12:55","modified_gmt":"2025-09-13T16:12:55","slug":"hakkimizda","status":"publish","type":"page","link":"https:\/\/dolfy.com.tr\/ka\/hakkimizda\/","title":{"rendered":"Hakk\u0131m\u0131zda"},"content":{"rendered":"<style>.elementor-90 .elementor-element.elementor-element-4259e56{--display:flex;--flex-direction:row;--container-widget-width:initial;--container-widget-height:100%;--container-widget-flex-grow:1;--container-widget-align-self:stretch;--flex-wrap-mobile:wrap;--gap:0px 0px;--row-gap:0px;--column-gap:0px;--margin-top:45px;--margin-bottom:0px;--margin-left:0px;--margin-right:0px;}.elementor-90 .elementor-element.elementor-element-b64724e{--display:flex;--flex-direction:column;--container-widget-width:100%;--container-widget-height:initial;--container-widget-flex-grow:0;--container-widget-align-self:initial;--flex-wrap-mobile:wrap;--justify-content:center;}.elementor-90 .elementor-element.elementor-element-524f614{--display:flex;--flex-direction:column;--container-widget-width:100%;--container-widget-height:initial;--container-widget-flex-grow:0;--container-widget-align-self:initial;--flex-wrap-mobile:wrap;}.elementor-90 .elementor-element.elementor-element-f9b208c{text-align:justify;font-family:\"Poppins\", Sans-serif;}@media(min-width:768px){.elementor-90 .elementor-element.elementor-element-b64724e{--width:76%;}.elementor-90 .elementor-element.elementor-element-524f614{--width:100%;}}<\/style>\t\t<div data-elementor-type=\"wp-page\" data-elementor-id=\"90\" class=\"elementor elementor-90\" data-elementor-post-type=\"page\">\n\t\t\t\t<div class=\"elementor-element elementor-element-4259e56 e-flex e-con-boxed e-con e-parent\" data-id=\"4259e56\" data-element_type=\"container\" data-e-type=\"container\">\n\t\t\t\t\t<div class=\"e-con-inner\">\n\t\t<div class=\"elementor-element elementor-element-b64724e e-con-full e-flex e-con e-child\" data-id=\"b64724e\" data-element_type=\"container\" data-e-type=\"container\">\n\t\t\t\t<div class=\"elementor-element elementor-element-9cd8fca elementor-widget elementor-widget-image\" data-id=\"9cd8fca\" data-element_type=\"widget\" data-e-type=\"widget\" data-widget_type=\"image.default\">\n\t\t\t\t\t\t\t\t\t\t\t\t\t\t\t<img fetchpriority=\"high\" decoding=\"async\" width=\"800\" height=\"749\" src=\"https:\/\/dolfy.com.tr\/wp-content\/uploads\/2026\/03\/gurcu.jpg\" class=\"attachment-large size-large wp-image-884\" alt=\"\" srcset=\"https:\/\/dolfy.com.tr\/wp-content\/uploads\/2026\/03\/gurcu.jpg 1640w, https:\/\/dolfy.com.tr\/wp-content\/uploads\/2026\/03\/gurcu-300x281.jpg 300w, https:\/\/dolfy.com.tr\/wp-content\/uploads\/2026\/03\/gurcu-1024x959.jpg 1024w, https:\/\/dolfy.com.tr\/wp-content\/uploads\/2026\/03\/gurcu-768x719.jpg 768w, https:\/\/dolfy.com.tr\/wp-content\/uploads\/2026\/03\/gurcu-1536x1439.jpg 1536w, https:\/\/dolfy.com.tr\/wp-content\/uploads\/2026\/03\/gurcu-13x12.jpg 13w\" sizes=\"(max-width: 800px) 100vw, 800px\" \/>\t\t\t\t\t\t\t\t\t\t\t\t\t\t\t<\/div>\n\t\t\t\t<\/div>\n\t\t<div class=\"elementor-element elementor-element-524f614 e-con-full e-flex e-con e-child\" data-id=\"524f614\" data-element_type=\"container\" data-e-type=\"container\">\n\t\t\t\t<div class=\"elementor-element elementor-element-f9b208c elementor-widget elementor-widget-text-editor\" data-id=\"f9b208c\" data-element_type=\"widget\" data-e-type=\"widget\" data-widget_type=\"text-editor.default\">\n\t\t\t\t\t\t\t\t\t<p>1983 \u10ec\u10d4\u10da\u10e1 \u10e1\u10d0\u10e6\u10d4\u10d1\u10d0\u10d5\u10d8\u10e1, \u10e1\u10e3\u10dc\u10e2\u10d0\u10e1\u10d0 \u10d3\u10d0 \u10ec\u10d4\u10d1\u10dd\u10e1 \u10e7\u10d8\u10d3\u10d5\u10d0-\u10d2\u10d0\u10e7\u10d8\u10d3\u10d5\u10d8\u10d7 \u10e1\u10d0\u10e5\u10db\u10d8\u10d0\u10dc\u10dd\u10d1\u10d0 \u10d3\u10d0\u10ec\u10e7\u10d4\u10d1\u10e3\u10da\u10db\u10d0 Yeni G\u00fcn Ticaret-\u10db\u10d0, 2004 \u10ec\u10d4\u10da\u10e1 \u10e9\u10d5\u10d8\u10da\u10d4\u10d1\u10d8\u10e1 \u10e1\u10d0\u10db\u10e7\u10d0\u10e0\u10dd\u10e8\u10d8 \u10d2\u10d0\u10d3\u10d0\u10d3\u10d2\u10d0 \u10dc\u10d0\u10d1\u10d8\u10ef\u10d8. \u10d0\u10d3\u10d0\u10dc\u10d0\u10e8\u10d8 \u10d3\u10d0\u10d0\u10e0\u10e1\u10d4\u10d1\u10e3\u10da\u10d8 \u10e9\u10d5\u10d4\u10dc\u10d8 \u10e1\u10d0\u10ec\u10d0\u10e0\u10db\u10dd\u10dd \u10e5\u10d0\u10e0\u10ee\u10dc\u10d8\u10d7, Yenig\u00fcn \u10d1\u10e0\u10d4\u10dc\u10d3\u10d8\u10e1 \u10e5\u10d5\u10d4\u10e8 \u10e9\u10d5\u10d4\u10dc\u10d8 \u10de\u10d8\u10e0\u10d5\u10d4\u10da\u10d8 \u10d0\u10d3\u10d2\u10d8\u10da\u10dd\u10d1\u10e0\u10d8\u10d5\u10d8 \u10ec\u10d0\u10e0\u10db\u10dd\u10d4\u10d1\u10d8\u10e1 \u10d1\u10d0\u10d5\u10e8\u10d5\u10d8\u10e1 \u10e1\u10d0\u10e4\u10d4\u10dc\u10d8 \u10e8\u10d4\u10d5\u10e5\u10db\u10d4\u10dc\u10d8\u10d7. \u10db\u10d0\u10e1 \u10e8\u10d4\u10db\u10d3\u10d4\u10d2 \u10d3\u10e6\u10d4\u10db\u10d3\u10d4 \u10e9\u10d5\u10d4\u10dc \u10e8\u10d4\u10d5\u10eb\u10d4\u10da\u10d8\u10d7 \u10d2\u10d0\u10d5\u10db\u10ee\u10d3\u10d0\u10e0\u10d8\u10e7\u10d0\u10d5\u10d8\u10d7 \u10e1\u10d0\u10dc\u10d3\u10dd \u10d3\u10d0 \u10de\u10d0\u10e2\u10d8\u10d5\u10e1\u10d0\u10ea\u10d4\u10db\u10d8 \u10d1\u10e0\u10d4\u10dc\u10d3\u10d8 \u10e0\u10dd\u10d2\u10dd\u10e0\u10ea \u10d7\u10e3\u10e0\u10e5\u10d4\u10d7\u10e8\u10d8, \u10d0\u10e1\u10d4\u10d5\u10d4 \u10db\u10e1\u10dd\u10e4\u10da\u10d8\u10dd\u10e1 \u10db\u10d0\u10e1\u10e8\u10e2\u10d0\u10d1\u10d8\u10d7.<\/p><p>Yenig\u00fcn \u10e0\u10dd\u10d2\u10dd\u10e0\u10ea \u10d9\u10dd\u10db\u10de\u10d0\u10dc\u10d8\u10d0, \u10db\u10ee\u10dd\u10da\u10dd\u10d3 \u10db\u10d0\u10e6\u10d0\u10da\u10d8 \u10ee\u10d0\u10e0\u10d8\u10e1\u10ee\u10d8\u10e1 \u10d1\u10d0\u10d5\u10e8\u10d5\u10d8\u10e1 \u10e1\u10d0\u10e4\u10d4\u10dc\u10d4\u10d1\u10d8\u10e1 \u10ec\u10d0\u10e0\u10db\u10dd\u10d4\u10d1\u10d8\u10d7 \u10d0\u10e0 \u10e8\u10d4\u10db\u10dd\u10d5\u10d8\u10e4\u10d0\u10e0\u10d2\u10da\u10d4\u10d7; \u10e9\u10d5\u10d4\u10dc \u10e7\u10dd\u10d5\u10d4\u10da\u10d7\u10d5\u10d8\u10e1 \u10ec\u10d8\u10dc \u10d5\u10d0\u10e7\u10d4\u10dc\u10d4\u10d1\u10d7 \u10de\u10d0\u10e1\u10e3\u10ee\u10d8\u10e1\u10db\u10d2\u10d4\u10d1\u10da\u10dd\u10d1\u10d0\u10e1 \u10d2\u10d0\u10e0\u10d4\u10db\u10dd\u10e1, \u10e1\u10d0\u10d6\u10dd\u10d2\u10d0\u10d3\u10dd\u10d4\u10d1\u10d8\u10e1\u10d0 \u10d3\u10d0 \u10e9\u10d5\u10d4\u10dc\u10d8 \u10d7\u10d0\u10dc\u10d0\u10db\u10e8\u10e0\u10dd\u10db\u10da\u10d4\u10d1\u10d8\u10e1 \u10ec\u10d8\u10dc\u10d0\u10e8\u10d4. \u10e2\u10d4\u10e5\u10dc\u10dd\u10da\u10dd\u10d2\u10d8\u10d0\u10e1\u10d0 \u10d3\u10d0 \u10ee\u10d0\u10e0\u10d8\u10e1\u10ee\u10e1 \u10e9\u10d5\u10d4\u10dc\u10e1 \u10db\u10d7\u10d0\u10d5\u10d0\u10e0 \u10de\u10e0\u10d8\u10dd\u10e0\u10d8\u10e2\u10d4\u10e2\u10d0\u10d3 \u10d5\u10d0\u10e5\u10ea\u10d4\u10d5\u10d7 \u10d3\u10d0 \u10e1\u10e2\u10d0\u10d1\u10d8\u10da\u10e3\u10e0\u10d8 \u10dc\u10d0\u10d1\u10d8\u10ef\u10d4\u10d1\u10d8\u10d7 \u10d5\u10d0\u10d2\u10e0\u10eb\u10d4\u10da\u10d4\u10d1\u10d7 \u10d2\u10d6\u10d0\u10e1, \u10e0\u10dd\u10db \u10d1\u10d0\u10d5\u10e8\u10d5\u10d7\u10d0 \u10e1\u10d0\u10e4\u10d4\u10dc\u10d4\u10d1\u10d8\u10e1 \u10e1\u10d4\u10e5\u10e2\u10dd\u10e0\u10e8\u10d8 \u10ec\u10d0\u10db\u10e7\u10d5\u10d0\u10dc\u10d8 \u10d7\u10e3\u10e0\u10e5\u10e3\u10da\u10d8 \u10d9\u10dd\u10db\u10de\u10d0\u10dc\u10d8\u10d0 \u10d2\u10d0\u10d5\u10ee\u10d3\u10d4\u10d7.<\/p><p>\u10e9\u10d5\u10d4\u10dc\u10d8 \u10d9\u10dd\u10db\u10de\u10d0\u10dc\u10d8\u10d8\u10e1 \u10db\u10d7\u10d0\u10d5\u10d0\u10e0\u10d8 \u10de\u10e0\u10d8\u10dc\u10ea\u10d8\u10de\u10d8\u10d0 \u2014 \u10d7\u10d0\u10dc\u10d0\u10db\u10e8\u10e0\u10dd\u10db\u10da\u10d4\u10d1\u10d8\u10e1 \u10d0\u10e5\u10e2\u10d8\u10e3\u10e0\u10d8 \u10db\u10dd\u10dc\u10d0\u10ec\u10d8\u10da\u10d4\u10dd\u10d1\u10d8\u10d7, \u10e3\u10ec\u10e7\u10d5\u10d4\u10e2\u10d8 \u10d2\u10d0\u10dc\u10d0\u10d7\u10da\u10d4\u10d1\u10d8\u10e1\u10d0 \u10d3\u10d0 \u10d4\u10e4\u10d4\u10e5\u10e2\u10e3\u10e0\u10d8 \u10d9\u10dd\u10db\u10e3\u10dc\u10d8\u10d9\u10d0\u10ea\u10d8\u10d8\u10e1 \u10e1\u10d0\u10e8\u10e3\u10d0\u10da\u10d4\u10d1\u10d8\u10d7, \u10e9\u10d5\u10d4\u10dc\u10d8 \u10db\u10dd\u10db\u10ee\u10db\u10d0\u10e0\u10d4\u10d1\u10da\u10d4\u10d1\u10d8\u10e1 \u10e1\u10d0\u10ed\u10d8\u10e0\u10dd\u10d4\u10d1\u10d4\u10d1\u10d8\u10e1\u10d0 \u10d3\u10d0 \u10db\u10dd\u10da\u10dd\u10d3\u10d8\u10dc\u10d4\u10d1\u10d8\u10e1 \u10e1\u10d0\u10e3\u10d9\u10d4\u10d7\u10d4\u10e1\u10dd\u10d3 \u10d3\u10d0\u10d9\u10db\u10d0\u10e7\u10dd\u10e4\u10d8\u10da\u10d4\u10d1\u10d0. \u10e0\u10d0\u10d3\u10d2\u10d0\u10dc \u10e9\u10d5\u10d4\u10dc \u10d2\u10d5\u10ef\u10d4\u10e0\u10d0, \u10e0\u10dd\u10db \u10ee\u10d0\u10e0\u10d8\u10e1\u10ee\u10d8\u10d0\u10dc\u10d8 \u10de\u10e0\u10dd\u10d3\u10e3\u10e5\u10e2\u10d8 \u10d8\u10e5\u10db\u10dc\u10d4\u10d1\u10d0 \u10db\u10d0\u10e8\u10d8\u10dc, \u10e0\u10dd\u10ea\u10d0 \u10db\u10d8\u10e1 \u10e3\u10d9\u10d0\u10dc \u10d3\u10d2\u10d0\u10e1 \u10ea\u10dc\u10dd\u10d1\u10d8\u10d4\u10e0\u10d8 \u10d3\u10d0 \u10d4\u10e0\u10d7\u10d2\u10e3\u10da\u10d8 \u10d2\u10e3\u10dc\u10d3\u10d8.<\/p><p>\u10d0\u10db\u10d0\u10d5\u10d4 \u10d3\u10e0\u10dd\u10e1, \u10e9\u10d5\u10d4\u10dc \u10de\u10d0\u10e1\u10e3\u10ee\u10d8\u10e1\u10db\u10d2\u10d4\u10d1\u10da\u10dd\u10d1\u10d0\u10e1 \u10d5\u10d2\u10e0\u10eb\u10dc\u10dd\u10d1\u10d7 \u10d8\u10db \u10e1\u10d0\u10db\u10e7\u10d0\u10e0\u10dd\u10e1 \u10db\u10d8\u10db\u10d0\u10e0\u10d7, \u10e0\u10dd\u10db\u10d4\u10da\u10e8\u10d8\u10ea \u10d5\u10ea\u10ee\u10dd\u10d5\u10e0\u10dd\u10d1\u10d7. \u10d1\u10e3\u10dc\u10d4\u10d1\u10e0\u10d8\u10d5\u10d8 \u10e0\u10d4\u10e1\u10e3\u10e0\u10e1\u10d4\u10d1\u10d8\u10e1 \u10d3\u10d0\u10ea\u10d5\u10d0, \u10dc\u10d0\u10e0\u10e9\u10d4\u10dc\u10d4\u10d1\u10d8\u10e1 \u10db\u10d8\u10dc\u10d8\u10db\u10e3\u10db\u10d0\u10db\u10d3\u10d4 \u10d3\u10d0\u10e7\u10d5\u10d0\u10dc\u10d0 \u10d3\u10d0 \u10d2\u10d0\u10d3\u10d0\u10db\u10e3\u10e8\u10d0\u10d5\u10d4\u10d1\u10d8\u10e1 \u10ea\u10dc\u10dd\u10d1\u10d8\u10d4\u10e0\u10d4\u10d1\u10d8\u10d7 \u10ec\u10d0\u10e0\u10db\u10dd\u10d4\u10d1\u10d0 \u10db\u10ee\u10dd\u10da\u10dd\u10d3 \u10db\u10d8\u10d6\u10dc\u10d4\u10d1\u10d8 \u10d9\u10d8 \u10d0\u10e0\u10d0, \u10e9\u10d5\u10d4\u10dc\u10d8 \u10db\u10d7\u10d4\u10da\u10d8 \u10d2\u10e3\u10dc\u10d3\u10d8\u10e1 \u10e7\u10dd\u10d5\u10d4\u10da\u10d3\u10e6\u10d8\u10e3\u10e0\u10d8 \u10e1\u10d0\u10db\u10e3\u10e8\u10d0\u10dd \u10d9\u10e3\u10da\u10e2\u10e3\u10e0\u10d8\u10e1 \u10dc\u10d0\u10ec\u10d8\u10da\u10d8\u10d0.<\/p><p>\u10ec\u10d0\u10e0\u10db\u10dd\u10d4\u10d1\u10d8\u10e1 \u10e7\u10dd\u10d5\u10d4\u10da\u10d8 \u10d4\u10e2\u10d0\u10de\u10d8 \u10ee\u10dd\u10e0\u10ea\u10d8\u10d4\u10da\u10d3\u10d4\u10d1\u10d0 \u10e1\u10d0\u10d9\u10e3\u10d7\u10d0\u10e0\u10d8 \u10e1\u10d0\u10e5\u10db\u10d8\u10e1 \u10de\u10e0\u10dd\u10e4\u10d4\u10e1\u10d8\u10dd\u10dc\u10d0\u10da\u10d8 \u10e1\u10de\u10d4\u10ea\u10d8\u10d0\u10da\u10d8\u10e1\u10e2\u10d4\u10d1\u10d8\u10e1 \u10db\u10d8\u10d4\u10e0. \u10e9\u10d5\u10d4\u10dc\u10d8 \u10db\u10d8\u10d6\u10d0\u10dc\u10d8\u10d0 \u2014 \u10ef\u10d0\u10dc\u10db\u10e0\u10d7\u10d4\u10da\u10d8, \u10f0\u10d8\u10d2\u10d8\u10d4\u10dc\u10e3\u10e0\u10d8 \u10d3\u10d0 \u10e1\u10d0\u10dc\u10d3\u10dd \u10de\u10e0\u10dd\u10d3\u10e3\u10e5\u10e2\u10d4\u10d1\u10d8\u10d7 \u10dd\u10ef\u10d0\u10ee\u10d4\u10d1\u10e1 \u10e1\u10d8\u10db\u10e8\u10d5\u10d8\u10d3\u10d4 \u10e8\u10d4\u10d5\u10d7\u10d0\u10d5\u10d0\u10d6\u10dd\u10d7 \u10d3\u10d0 \u10de\u10d0\u10e2\u10d0\u10e0\u10d4\u10d1\u10d8\u10e1 \u10d9\u10dd\u10db\u10e4\u10dd\u10e0\u10e2\u10e1 \u10e8\u10d4\u10d5\u10e3\u10ec\u10e7\u10dd\u10d7 \u10ee\u10d4\u10da\u10d8.<\/p><p>\u10d3\u10d0 \u10d0\u10db \u10ee\u10d4\u10d3\u10d5\u10d8\u10d7 \u10d2\u10d0\u10dc\u10d5\u10d8\u10d7\u10d0\u10e0\u10d4\u10d1\u10d0\u10e1\u10d7\u10d0\u10dc \u10d4\u10e0\u10d7\u10d0\u10d3, \u10de\u10d0\u10e2\u10d0\u10e0\u10d4\u10d1\u10d8\u10e1\u10d7\u10d5\u10d8\u10e1 \u10d9\u10d8\u10d3\u10d4\u10d5 \u10d4\u10e0\u10d7\u10d8 \u10d0\u10ee\u10d0\u10da\u10d8 \u10db\u10d4\u10d2\u10dd\u10d1\u10d0\u10e0\u10d8 \u10d3\u10d0\u10d8\u10d1\u10d0\u10d3\u10d0: Dolfy!<br \/>Dolfy \u10d0\u10e0\u10d8\u10e1 \u10db\u10e0\u10d0\u10d5\u10d0\u10da\u10d8 \u10ec\u10da\u10d8\u10e1 \u10d2\u10d0\u10db\u10dd\u10ea\u10d3\u10d8\u10da\u10d4\u10d1\u10d8\u10d7 \u10e8\u10d4\u10e5\u10db\u10dc\u10d8\u10da\u10d8 \u10d1\u10d0\u10d5\u10e8\u10d5\u10d8\u10e1 \u10e1\u10d0\u10e4\u10d4\u10dc\u10d8\u10e1 \u10d1\u10e0\u10d4\u10dc\u10d3\u10d8, \u10e0\u10dd\u10db\u10d4\u10da\u10d8\u10ea \u10d2\u10d0\u10dc\u10e1\u10d0\u10d9\u10e3\u10d7\u10e0\u10d4\u10d1\u10e3\u10da\u10d8 \u10d6\u10e0\u10e3\u10dc\u10d5\u10d8\u10d7 \u10d4\u10d9\u10d8\u10d3\u10d4\u10d1\u10d0 \u10d7\u10e5\u10d5\u10d4\u10dc\u10d8 \u10de\u10d0\u10e2\u10d0\u10e0\u10d0\u10e1 \u10db\u10d2\u10e0\u10eb\u10dc\u10dd\u10d1\u10d8\u10d0\u10e0\u10d4 \u10d9\u10d0\u10dc\u10e1. \u10d7\u10d0\u10dc\u10d0\u10db\u10d4\u10d3\u10e0\u10dd\u10d5\u10d4, \u10e0\u10d1\u10d8\u10da\u10d8 \u10d3\u10d0 \u10e1\u10e3\u10dc\u10d7\u10e5\u10d5\u10d0\u10d3\u10d8 \u10e1\u10e2\u10e0\u10e3\u10e5\u10e2\u10e3\u10e0\u10d8\u10d7, \u10d8\u10d2\u10d8 \u10e7\u10dd\u10d5\u10d4\u10da \u10dc\u10d0\u10d1\u10d8\u10ef\u10e8\u10d8 \u10d9\u10dd\u10db\u10e4\u10dd\u10e0\u10e2\u10e1 \u10d3\u10d0 \u10d7\u10d8\u10d7\u10dd\u10d4\u10e3\u10da \u10e4\u10d4\u10dc\u10d0\u10e8\u10d8 \u10e1\u10d8\u10e7\u10d5\u10d0\u10e0\u10e3\u10da\u10e1 \u10d0\u10e2\u10d0\u10e0\u10d4\u10d1\u10e1.<\/p>\t\t\t\t\t\t\t\t<\/div>\n\t\t\t\t<\/div>\n\t\t\t\t\t<\/div>\n\t\t\t\t<\/div>\n\t\t\t\t<\/div>","protected":false},"excerpt":{"rendered":"<p>1983 y\u0131l\u0131nda boya, sunta ve tutkal al\u0131m sat\u0131m\u0131yla i\u015f hayat\u0131na ba\u015flayan G\u00fcn Ticaret, 2004 y\u0131l\u0131nda bebeklerin d\u00fcnyas\u0131na ad\u0131m att\u0131. Adana\u2019da kurulan \u00fcretim tesisimizle birlikte, Yenig\u00fcn markas\u0131 alt\u0131nda ilk yerli bebek bezimizi \u00fcrettik. O g\u00fcnden bu yana hem T\u00fcrkiye\u2019de hem de d\u00fcnya genelinde sayg\u0131nl\u0131k kazanm\u0131\u015f, g\u00fcvenilir bir marka olmay\u0131 ba\u015fard\u0131k. Yenig\u00fcn olarak yaln\u0131zca kaliteli bebek bezleri [&hellip;]<\/p>\n","protected":false},"author":1,"featured_media":0,"parent":0,"menu_order":0,"comment_status":"closed","ping_status":"closed","template":"elementor_header_footer","meta":{"footnotes":""},"class_list":["post-90","page","type-page","status-publish","hentry"],"_links":{"self":[{"href":"https:\/\/dolfy.com.tr\/ka\/wp-json\/wp\/v2\/pages\/90","targetHints":{"allow":["GET"]}}],"collection":[{"href":"https:\/\/dolfy.com.tr\/ka\/wp-json\/wp\/v2\/pages"}],"about":[{"href":"https:\/\/dolfy.com.tr\/ka\/wp-json\/wp\/v2\/types\/page"}],"author":[{"embeddable":true,"href":"https:\/\/dolfy.com.tr\/ka\/wp-json\/wp\/v2\/users\/1"}],"replies":[{"embeddable":true,"href":"https:\/\/dolfy.com.tr\/ka\/wp-json\/wp\/v2\/comments?post=90"}],"version-history":[{"count":40,"href":"https:\/\/dolfy.com.tr\/ka\/wp-json\/wp\/v2\/pages\/90\/revisions"}],"predecessor-version":[{"id":987,"href":"https:\/\/dolfy.com.tr\/ka\/wp-json\/wp\/v2\/pages\/90\/revisions\/987"}],"wp:attachment":[{"href":"https:\/\/dolfy.com.tr\/ka\/wp-json\/wp\/v2\/media?parent=90"}],"curies":[{"name":"wp","href":"https:\/\/api.w.org\/{rel}","templated":true}]}}